{"id":1014,"date":"2024-03-11T16:59:01","date_gmt":"2024-03-11T16:59:01","guid":{"rendered":"https:\/\/www.malteriaoriental.com.uy\/?page_id=1014"},"modified":"2024-04-01T12:53:08","modified_gmt":"2024-04-01T12:53:08","slug":"historia-prueba","status":"publish","type":"page","link":"https:\/\/www.malteriaoriental.com.uy\/pb\/historia-prueba\/","title":{"rendered":"(Espa\u00f1ol) historia prueba"},"content":{"rendered":"<p class=\"qtranxs-available-languages-message qtranxs-available-languages-message-pb\">Desculpe-nos, mas este texto est\u00e1 apenas dispon\u00edvel em <a href=\"https:\/\/www.malteriaoriental.com.uy\/es\/wp-json\/wp\/v2\/pages\/1014\" class=\"qtranxs-available-language-link qtranxs-available-language-link-es\" title=\"Espa\u00f1ol\">Espa\u00f1ol<\/a>.<\/p>","protected":false},"excerpt":{"rendered":"<p>Desculpe-nos, mas este texto est\u00e1 apenas dispon\u00edvel em Espa\u00f1ol.<\/p>\n","protected":false},"author":1,"featured_media":0,"parent":0,"menu_order":0,"comment_status":"closed","ping_status":"closed","template":"","meta":{"footnotes":""},"class_list":["post-1014","page","type-page","status-publish"],"_links":{"self":[{"href":"https:\/\/www.malteriaoriental.com.uy\/pb\/wp-json\/wp\/v2\/pages\/1014","targetHints":{"allow":["GET"]}}],"collection":[{"href":"https:\/\/www.malteriaoriental.com.uy\/pb\/wp-json\/wp\/v2\/pages"}],"about":[{"href":"https:\/\/www.malteriaoriental.com.uy\/pb\/wp-json\/wp\/v2\/types\/page"}],"author":[{"embeddable":true,"href":"https:\/\/www.malteriaoriental.com.uy\/pb\/wp-json\/wp\/v2\/users\/1"}],"replies":[{"embeddable":true,"href":"https:\/\/www.malteriaoriental.com.uy\/pb\/wp-json\/wp\/v2\/comments?post=1014"}],"version-history":[{"count":25,"href":"https:\/\/www.malteriaoriental.com.uy\/pb\/wp-json\/wp\/v2\/pages\/1014\/revisions"}],"predecessor-version":[{"id":1065,"href":"https:\/\/www.malteriaoriental.com.uy\/pb\/wp-json\/wp\/v2\/pages\/1014\/revisions\/1065"}],"wp:attachment":[{"href":"https:\/\/www.malteriaoriental.com.uy\/pb\/wp-json\/wp\/v2\/media?parent=1014"}],"curies":[{"name":"wp","href":"https:\/\/api.w.org\/{rel}","templated":true}]}}