{"id":134,"date":"2019-12-04T17:22:57","date_gmt":"2019-12-04T17:22:57","guid":{"rendered":"https:\/\/www.malteriaoriental.com.uy\/?page_id=134"},"modified":"2019-12-04T17:25:00","modified_gmt":"2019-12-04T17:25:00","slug":"produccion","status":"publish","type":"page","link":"https:\/\/www.malteriaoriental.com.uy\/pb\/produccion\/","title":{"rendered":"Producci\u00f3n"},"content":{"rendered":"[vc_row type=&#8221;full_width_background&#8221; full_screen_row_position=&#8221;middle&#8221; equal_height=&#8221;yes&#8221; content_placement=&#8221;bottom&#8221; column_margin=&#8221;default&#8221; bg_image=&#8221;103&#8243; bg_position=&#8221;left top&#8221; bg_repeat=&#8221;no-repeat&#8221; scene_position=&#8221;center&#8221; text_color=&#8221;light&#8221; text_align=&#8221;left&#8221; top_padding=&#8221;8%&#8221; bottom_padding=&#8221;8%&#8221; enable_gradient=&#8221;true&#8221; color_overlay=&#8221;#004787&#8243; color_overlay_2=&#8221;#539447&#8243; gradient_direction=&#8221;left_b_to_right_t&#8221; overlay_strength=&#8221;0.3&#8243; shape_divider_position=&#8221;bottom&#8221; shape_divider_height=&#8221;350&#8243; bg_image_animation=&#8221;none&#8221; parallax_bg=&#8221;true&#8221; parallax_bg_speed=&#8221;fast&#8221; shape_type=&#8221;mountains&#8221;][vc_column column_padding=&#8221;no-extra-padding&#8221; column_padding_position=&#8221;all&#8221; background_color_opacity=&#8221;1&#8243; background_hover_color_opacity=&#8221;1&#8243; column_link_target=&#8221;_self&#8221; column_shadow=&#8221;none&#8221; column_border_radius=&#8221;none&#8221; width=&#8221;1\/1&#8243; tablet_width_inherit=&#8221;default&#8221; tablet_text_alignment=&#8221;default&#8221; phone_text_alignment=&#8221;default&#8221; overlay_strength=&#8221;0.3&#8243; column_border_width=&#8221;none&#8221; column_border_style=&#8221;solid&#8221; bg_image_animation=&#8221;none&#8221;][\/vc_column][\/vc_row][vc_row type=&#8221;full_width_background&#8221; full_screen_row_position=&#8221;middle&#8221; column_margin=&#8221;default&#8221; bg_color=&#8221;#ffffff&#8221; scene_position=&#8221;center&#8221; text_color=&#8221;dark&#8221; text_align=&#8221;left&#8221; top_padding=&#8221;5%&#8221; bottom_padding=&#8221;5%&#8221; overlay_strength=&#8221;1&#8243; shape_divider_position=&#8221;bottom&#8221; bg_image_animation=&#8221;none&#8221; shape_type=&#8221;&#8221;][vc_column column_padding=&#8221;no-extra-padding&#8221; column_padding_position=&#8221;all&#8221; background_color_opacity=&#8221;1&#8243; background_hover_color_opacity=&#8221;1&#8243; column_link_target=&#8221;_self&#8221; column_shadow=&#8221;none&#8221; column_border_radius=&#8221;none&#8221; width=&#8221;1\/4&#8243; tablet_width_inherit=&#8221;default&#8221; tablet_text_alignment=&#8221;default&#8221; phone_text_alignment=&#8221;default&#8221; overlay_strength=&#8221;0.3&#8243; column_border_width=&#8221;none&#8221; column_border_style=&#8221;solid&#8221; bg_image_animation=&#8221;none&#8221;][vc_row_inner column_margin=&#8221;default&#8221; top_padding=&#8221;10&#8243; text_align=&#8221;left&#8221;][vc_column_inner column_padding=&#8221;no-extra-padding&#8221; column_padding_position=&#8221;all&#8221; background_color_opacity=&#8221;1&#8243; background_hover_color_opacity=&#8221;1&#8243; column_shadow=&#8221;none&#8221; column_border_radius=&#8221;none&#8221; column_link_target=&#8221;_self&#8221; width=&#8221;1\/1&#8243; tablet_width_inherit=&#8221;default&#8221; overlay_strength=&#8221;0.3&#8243; column_border_width=&#8221;none&#8221; column_border_color=&#8221;#f59f2b&#8221; column_border_style=&#8221;solid&#8221; bg_image_animation=&#8221;none&#8221; enable_animation=&#8221;true&#8221; animation=&#8221;fade-in-from-left&#8221;][nectar_cta btn_style=&#8221;arrow-animation&#8221; heading_tag=&#8221;h5&#8243; text_color=&#8221;#004787&#8243; button_color=&#8221;default&#8221; link_type=&#8221;regular&#8221; alignment=&#8221;left&#8221; display=&#8221;block&#8221; link_text=&#8221;Planta Industrial&#8221; url=&#8221;\/planta-industrial&#8221;][nectar_cta btn_style=&#8221;arrow-animation&#8221; heading_tag=&#8221;h5&#8243; text_color=&#8221;#539447&#8243; button_color=&#8221;default&#8221; link_type=&#8221;regular&#8221; alignment=&#8221;left&#8221; display=&#8221;block&#8221; link_text=&#8221;Producci\u00f3n&#8221; url=&#8221;\/produccion&#8221;][nectar_cta btn_style=&#8221;arrow-animation&#8221; heading_tag=&#8221;h5&#8243; text_color=&#8221;#004787&#8243; button_color=&#8221;default&#8221; link_type=&#8221;regular&#8221; alignment=&#8221;left&#8221; display=&#8221;block&#8221; link_text=&#8221;Aseguramiento de calidad&#8221; url=&#8221;\/aseguramiento-de-calidad&#8221;][\/vc_column_inner][\/vc_row_inner][\/vc_column][vc_column column_padding=&#8221;no-extra-padding&#8221; column_padding_position=&#8221;all&#8221; background_color_opacity=&#8221;1&#8243; background_hover_color_opacity=&#8221;1&#8243; column_link_target=&#8221;_self&#8221; column_shadow=&#8221;none&#8221; column_border_radius=&#8221;none&#8221; width=&#8221;3\/4&#8243; tablet_width_inherit=&#8221;default&#8221; tablet_text_alignment=&#8221;default&#8221; phone_text_alignment=&#8221;default&#8221; overlay_strength=&#8221;0.3&#8243; column_border_width=&#8221;none&#8221; column_border_style=&#8221;solid&#8221; bg_image_animation=&#8221;none&#8221;][vc_row_inner column_margin=&#8221;default&#8221; text_align=&#8221;left&#8221;][vc_column_inner column_padding=&#8221;no-extra-padding&#8221; column_padding_position=&#8221;all&#8221; background_color_opacity=&#8221;1&#8243; background_hover_color_opacity=&#8221;1&#8243; column_shadow=&#8221;none&#8221; column_border_radius=&#8221;none&#8221; column_link_target=&#8221;_self&#8221; width=&#8221;1\/1&#8243; tablet_width_inherit=&#8221;default&#8221; overlay_strength=&#8221;0.3&#8243; column_border_width=&#8221;none&#8221; column_border_style=&#8221;solid&#8221; bg_image_animation=&#8221;none&#8221;][split_line_heading animation_type=&#8221;default&#8221;]\n<h5 class=\"subtitulo\"><strong>MATERIA PRIMA: CEBADA<\/strong><\/h5>\n<h2>Malteamos diferentes variedades de cebada. Debido a que aseguramos malta de excelente calidad, inspeccionamos las muestras de todas las recepciones de nuestra materia prima, para asegurar que nuestro estricto est\u00e1ndar de calidad ha sido alcanzado.<\/h2>\n[\/split_line_heading][\/vc_column_inner][\/vc_row_inner][carousel script=&#8221;owl_carousel&#8221; desktop_cols=&#8221;4&#8243; desktop_small_cols=&#8221;4&#8243; tablet_cols=&#8221;2&#8243; mobile_cols=&#8221;1&#8243; column_padding=&#8221;0&#8243;][item id=&#8221;1575480248251-3&#8243; title=&#8221;Item&#8221; tab_id=&#8221;1575480248252-5&#8243;][fancy_box box_style=&#8221;color_box_basic&#8221; icon_family=&#8221;none&#8221; box_color=&#8221;#ffffff&#8221; content_color=&#8221;#004787&#8243; box_color_opacity=&#8221;1&#8243; box_alignment=&#8221;center&#8221; border_radius=&#8221;default&#8221; image_loading=&#8221;lazy-load&#8221; enable_animation=&#8221;true&#8221; animation=&#8221;none&#8221; color_scheme=&#8221;dark&#8221; secondary_content=&#8221;here&#8217;s some awesome text that would only be shown on hover&#8221; min_height=&#8221;300&#8243;]\n<h4 style=\"text-align: center;\">ALMACENAMIENTO<\/h4>\n<p><img loading=\"lazy\" decoding=\"async\" class=\"alignnone size-full wp-image-140 aligncenter\" src=\"https:\/\/www.malteriaoriental.com.uy\/wp-content\/uploads\/2019\/12\/1-1.jpg\" alt=\"\" width=\"133\" height=\"126\" \/>[\/fancy_box][\/item][item id=&#8221;1575480248385-2&#8243; title=&#8221;Item&#8221; tab_id=&#8221;1575480248386-0&#8243;][fancy_box box_style=&#8221;color_box_basic&#8221; icon_family=&#8221;none&#8221; box_color=&#8221;#ffffff&#8221; content_color=&#8221;#004787&#8243; box_color_opacity=&#8221;1&#8243; box_alignment=&#8221;center&#8221; border_radius=&#8221;default&#8221; image_loading=&#8221;lazy-load&#8221; enable_animation=&#8221;true&#8221; animation=&#8221;none&#8221; color_scheme=&#8221;dark&#8221; secondary_content=&#8221;here&#8217;s some awesome text that would only be shown on hover&#8221; min_height=&#8221;300&#8243;]\n<h4 style=\"text-align: center;\"><strong>1 <\/strong>REMOJO<\/h4>\n<p style=\"text-align: center;\"><img loading=\"lazy\" decoding=\"async\" class=\"size-full wp-image-146 aligncenter\" src=\"https:\/\/www.malteriaoriental.com.uy\/wp-content\/uploads\/2019\/12\/2.jpg\" alt=\"\" width=\"133\" height=\"126\" \/><\/p>\n<p style=\"text-align: center;\">La inmersi\u00f3n en agua potable de la cebada, es el primer paso en la producci\u00f3n de malta y el m\u00e1s importante para estimular la germinaci\u00f3n luego del almacenamiento post cosecha. Al final de esta etapa la cebada alcanza un 40% de humedad aproximadamente.<\/p>\n[\/fancy_box][\/item][item id=&#8221;1575480248468-4&#8243; title=&#8221;Item&#8221; tab_id=&#8221;1575480248470-1&#8243;][fancy_box box_style=&#8221;color_box_basic&#8221; icon_family=&#8221;none&#8221; box_color=&#8221;#ffffff&#8221; content_color=&#8221;#004787&#8243; box_color_opacity=&#8221;1&#8243; box_alignment=&#8221;center&#8221; border_radius=&#8221;default&#8221; image_loading=&#8221;lazy-load&#8221; enable_animation=&#8221;true&#8221; animation=&#8221;none&#8221; color_scheme=&#8221;dark&#8221; secondary_content=&#8221;here&#8217;s some awesome text that would only be shown on hover&#8221; min_height=&#8221;300&#8243;]\n<h4 style=\"text-align: center;\"><strong>2 <\/strong>GERMINACI\u00d3N<\/h4>\n<p style=\"text-align: center;\"><img loading=\"lazy\" decoding=\"async\" class=\"alignnone wp-image-153 size-full\" src=\"https:\/\/www.malteriaoriental.com.uy\/wp-content\/uploads\/2019\/12\/4.jpg\" alt=\"\" width=\"184\" height=\"126\" \/><\/p>\n<p style=\"text-align: center;\">Continua el proceso iniciado en la etapa del remojo. El grano de cebada se desarrolla, produciendo ra\u00edces y secretando hormonas, que estimulan la producci\u00f3n de enzimas. Estas enzimas act\u00faan durante el proceso de malteo y mas tarde en el proceso cervecero propiamente dicho. Al final de la germinaci\u00f3n, se obtiene la malta verde con un 40-42% de humedad.<\/p>\n[\/fancy_box][\/item][item id=&#8221;1575480248547-5&#8243; title=&#8221;Item&#8221; tab_id=&#8221;1575480248549-5&#8243;][fancy_box box_style=&#8221;color_box_basic&#8221; icon_family=&#8221;none&#8221; box_color=&#8221;#ffffff&#8221; content_color=&#8221;#004787&#8243; box_color_opacity=&#8221;0&#8243; box_alignment=&#8221;center&#8221; border_radius=&#8221;default&#8221; image_loading=&#8221;lazy-load&#8221; enable_animation=&#8221;true&#8221; animation=&#8221;none&#8221; color_scheme=&#8221;dark&#8221; secondary_content=&#8221;here&#8217;s some awesome text that would only be shown on hover&#8221; min_height=&#8221;300&#8243;]\n<h4 style=\"text-align: center;\"><strong>3 <\/strong>SECADO<\/h4>\n<p style=\"text-align: center;\"><img loading=\"lazy\" decoding=\"async\" class=\"alignnone wp-image-152 size-full\" src=\"https:\/\/www.malteriaoriental.com.uy\/wp-content\/uploads\/2019\/12\/3.jpg\" alt=\"\" width=\"184\" height=\"126\" \/><\/p>\n<p style=\"text-align: center;\">Para cortar el proceso de germinaci\u00f3n, la malta verde necesita secarse.<\/p>\n<p>El proceso de secado remueve el agua de la malta verde, permiti\u00e9ndole convertirse en un producto estable y almacenable sin deterioro. Este proceso se regula de tal forma que se produce a bajas temperaturas usando altos caudales de aire, conservando as\u00ed la actividad potencial de enzimas requeridas para la conversi\u00f3n del almid\u00f3n y las prote\u00ednas durante el proceso cervecero. Cuando el contenido de humedad alcanza aproximadamente el 10%, la temperatura de secado aumenta, para que la malta desarrolle aroma y color a niveles deseados.<br \/>\nAl final del secado, el contenido de humedad est\u00e1 entre 4 y 5%.[\/fancy_box][\/item][\/carousel][\/vc_column][\/vc_row]\n","protected":false},"excerpt":{"rendered":"<p>[vc_row type=&#8221;full_width_background&#8221; full_screen_row_position=&#8221;middle&#8221; equal_height=&#8221;yes&#8221; content_placement=&#8221;bottom&#8221; column_margin=&#8221;default&#8221; bg_image=&#8221;103&#8243; bg_position=&#8221;left top&#8221; bg_repeat=&#8221;no-repeat&#8221; scene_position=&#8221;center&#8221; text_color=&#8221;light&#8221; text_align=&#8221;left&#8221; top_padding=&#8221;8%&#8221; bottom_padding=&#8221;8%&#8221; enable_gradient=&#8221;true&#8221; color_overlay=&#8221;#004787&#8243; color_overlay_2=&#8221;#539447&#8243; gradient_direction=&#8221;left_b_to_right_t&#8221; overlay_strength=&#8221;0.3&#8243; shape_divider_position=&#8221;bottom&#8221; shape_divider_height=&#8221;350&#8243; bg_image_animation=&#8221;none&#8221; parallax_bg=&#8221;true&#8221; parallax_bg_speed=&#8221;fast&#8221; shape_type=&#8221;mountains&#8221;][vc_column column_padding=&#8221;no-extra-padding&#8221; column_padding_position=&#8221;all&#8221; background_color_opacity=&#8221;1&#8243; background_hover_color_opacity=&#8221;1&#8243;&#8230;<\/p>\n","protected":false},"author":1,"featured_media":0,"parent":0,"menu_order":0,"comment_status":"closed","ping_status":"closed","template":"","meta":{"footnotes":""},"class_list":["post-134","page","type-page","status-publish"],"_links":{"self":[{"href":"https:\/\/www.malteriaoriental.com.uy\/pb\/wp-json\/wp\/v2\/pages\/134","targetHints":{"allow":["GET"]}}],"collection":[{"href":"https:\/\/www.malteriaoriental.com.uy\/pb\/wp-json\/wp\/v2\/pages"}],"about":[{"href":"https:\/\/www.malteriaoriental.com.uy\/pb\/wp-json\/wp\/v2\/types\/page"}],"author":[{"embeddable":true,"href":"https:\/\/www.malteriaoriental.com.uy\/pb\/wp-json\/wp\/v2\/users\/1"}],"replies":[{"embeddable":true,"href":"https:\/\/www.malteriaoriental.com.uy\/pb\/wp-json\/wp\/v2\/comments?post=134"}],"version-history":[{"count":23,"href":"https:\/\/www.malteriaoriental.com.uy\/pb\/wp-json\/wp\/v2\/pages\/134\/revisions"}],"predecessor-version":[{"id":219,"href":"https:\/\/www.malteriaoriental.com.uy\/pb\/wp-json\/wp\/v2\/pages\/134\/revisions\/219"}],"wp:attachment":[{"href":"https:\/\/www.malteriaoriental.com.uy\/pb\/wp-json\/wp\/v2\/media?parent=134"}],"curies":[{"name":"wp","href":"https:\/\/api.w.org\/{rel}","templated":true}]}}