{"id":972,"date":"2023-11-30T18:57:42","date_gmt":"2023-11-30T18:57:42","guid":{"rendered":"https:\/\/www.malteriaoriental.com.uy\/?page_id=972"},"modified":"2023-12-04T14:18:13","modified_gmt":"2023-12-04T14:18:13","slug":"trabaje-con-nosotros","status":"publish","type":"page","link":"https:\/\/www.malteriaoriental.com.uy\/pb\/trabaje-con-nosotros\/","title":{"rendered":"(Espa\u00f1ol) Trabaje con nosotros"},"content":{"rendered":"<p class=\"qtranxs-available-languages-message qtranxs-available-languages-message-pb\">Desculpe-nos, mas este texto est\u00e1 apenas dispon\u00edvel em <a href=\"https:\/\/www.malteriaoriental.com.uy\/es\/wp-json\/wp\/v2\/pages\/972\" class=\"qtranxs-available-language-link qtranxs-available-language-link-es\" title=\"Espa\u00f1ol\">Espa\u00f1ol<\/a>.<\/p>","protected":false},"excerpt":{"rendered":"<p>Desculpe-nos, mas este texto est\u00e1 apenas dispon\u00edvel em Espa\u00f1ol.<\/p>\n","protected":false},"author":1,"featured_media":0,"parent":0,"menu_order":0,"comment_status":"closed","ping_status":"closed","template":"","meta":{"footnotes":""},"class_list":["post-972","page","type-page","status-publish"],"_links":{"self":[{"href":"https:\/\/www.malteriaoriental.com.uy\/pb\/wp-json\/wp\/v2\/pages\/972","targetHints":{"allow":["GET"]}}],"collection":[{"href":"https:\/\/www.malteriaoriental.com.uy\/pb\/wp-json\/wp\/v2\/pages"}],"about":[{"href":"https:\/\/www.malteriaoriental.com.uy\/pb\/wp-json\/wp\/v2\/types\/page"}],"author":[{"embeddable":true,"href":"https:\/\/www.malteriaoriental.com.uy\/pb\/wp-json\/wp\/v2\/users\/1"}],"replies":[{"embeddable":true,"href":"https:\/\/www.malteriaoriental.com.uy\/pb\/wp-json\/wp\/v2\/comments?post=972"}],"version-history":[{"count":3,"href":"https:\/\/www.malteriaoriental.com.uy\/pb\/wp-json\/wp\/v2\/pages\/972\/revisions"}],"predecessor-version":[{"id":981,"href":"https:\/\/www.malteriaoriental.com.uy\/pb\/wp-json\/wp\/v2\/pages\/972\/revisions\/981"}],"wp:attachment":[{"href":"https:\/\/www.malteriaoriental.com.uy\/pb\/wp-json\/wp\/v2\/media?parent=972"}],"curies":[{"name":"wp","href":"https:\/\/api.w.org\/{rel}","templated":true}]}}